{"id":4205,"date":"2020-01-20T09:23:37","date_gmt":"2020-01-20T08:23:37","guid":{"rendered":"https:\/\/karak-distribution.com\/?page_id=4205"},"modified":"2023-08-30T14:51:59","modified_gmt":"2023-08-30T12:51:59","slug":"produits-eaux","status":"publish","type":"page","link":"https:\/\/karak-distribution.com\/index.php\/produits\/produits-eaux\/","title":{"rendered":"Eaux"},"content":{"rendered":"\t\t<div data-elementor-type=\"wp-page\" data-elementor-id=\"4205\" class=\"elementor elementor-4205\" data-elementor-post-type=\"page\">\n\t\t\t\t\t\t<section class=\"elementor-section elementor-top-section elementor-element elementor-element-46aa390 elementor-section-boxed elementor-section-height-default elementor-section-height-default\" data-id=\"46aa390\" data-element_type=\"section\">\n\t\t\t\t\t\t<div class=\"elementor-container elementor-column-gap-default\">\n\t\t\t\t\t<div class=\"elementor-column elementor-col-100 elementor-top-column elementor-element elementor-element-21c6e14\" data-id=\"21c6e14\" data-element_type=\"column\">\n\t\t\t<div class=\"elementor-widget-wrap elementor-element-populated\">\n\t\t\t\t\t\t<div class=\"elementor-element elementor-element-d7da6d6 elementor-widget elementor-widget-spacer\" data-id=\"d7da6d6\" data-element_type=\"widget\" data-widget_type=\"spacer.default\">\n\t\t\t\t<div class=\"elementor-widget-container\">\n\t\t\t\t\t\t\t<div class=\"elementor-spacer\">\n\t\t\t<div class=\"elementor-spacer-inner\"><\/div>\n\t\t<\/div>\n\t\t\t\t\t\t<\/div>\n\t\t\t\t<\/div>\n\t\t\t\t\t<\/div>\n\t\t<\/div>\n\t\t\t\t\t<\/div>\n\t\t<\/section>\n\t\t\t\t<section class=\"elementor-section elementor-top-section elementor-element elementor-element-12f5f9e elementor-section-boxed elementor-section-height-default elementor-section-height-default\" data-id=\"12f5f9e\" data-element_type=\"section\">\n\t\t\t\t\t\t<div class=\"elementor-container elementor-column-gap-default\">\n\t\t\t\t\t<div class=\"elementor-column elementor-col-100 elementor-top-column elementor-element elementor-element-eec4059\" data-id=\"eec4059\" data-element_type=\"column\">\n\t\t\t<div class=\"elementor-widget-wrap elementor-element-populated\">\n\t\t\t\t\t\t<div class=\"elementor-element elementor-element-930c5cd elementor-widget elementor-widget-text-editor\" data-id=\"930c5cd\" data-element_type=\"widget\" data-widget_type=\"text-editor.default\">\n\t\t\t\t<div class=\"elementor-widget-container\">\n\t\t\t\t\t\t\t\t\t<h1 style=\"text-align: center;\"><strong>EAUX<\/strong><\/h1>\t\t\t\t\t\t\t\t<\/div>\n\t\t\t\t<\/div>\n\t\t\t\t<div class=\"elementor-element elementor-element-a9f0eda elementor-widget-divider--view-line elementor-widget elementor-widget-divider\" data-id=\"a9f0eda\" data-element_type=\"widget\" data-widget_type=\"divider.default\">\n\t\t\t\t<div class=\"elementor-widget-container\">\n\t\t\t\t\t\t\t<div class=\"elementor-divider\">\n\t\t\t<span class=\"elementor-divider-separator\">\n\t\t\t\t\t\t<\/span>\n\t\t<\/div>\n\t\t\t\t\t\t<\/div>\n\t\t\t\t<\/div>\n\t\t\t\t<div class=\"elementor-element elementor-element-e112adb elementor-widget elementor-widget-spacer\" data-id=\"e112adb\" data-element_type=\"widget\" data-widget_type=\"spacer.default\">\n\t\t\t\t<div class=\"elementor-widget-container\">\n\t\t\t\t\t\t\t<div class=\"elementor-spacer\">\n\t\t\t<div class=\"elementor-spacer-inner\"><\/div>\n\t\t<\/div>\n\t\t\t\t\t\t<\/div>\n\t\t\t\t<\/div>\n\t\t\t\t\t<\/div>\n\t\t<\/div>\n\t\t\t\t\t<\/div>\n\t\t<\/section>\n\t\t\t\t<section class=\"elementor-section elementor-top-section elementor-element elementor-element-4572f32 elementor-section-stretched elementor-section-boxed elementor-section-height-default elementor-section-height-default\" data-id=\"4572f32\" data-element_type=\"section\" data-settings=\"{&quot;stretch_section&quot;:&quot;section-stretched&quot;}\">\n\t\t\t\t\t\t<div class=\"elementor-container elementor-column-gap-default\">\n\t\t\t\t\t<div class=\"elementor-column elementor-col-33 elementor-top-column elementor-element elementor-element-d7f64ae\" data-id=\"d7f64ae\" data-element_type=\"column\">\n\t\t\t<div class=\"elementor-widget-wrap elementor-element-populated\">\n\t\t\t\t\t\t<div class=\"elementor-element elementor-element-3d5feb5 elementor-widget elementor-widget-image\" data-id=\"3d5feb5\" data-element_type=\"widget\" data-widget_type=\"image.default\">\n\t\t\t\t<div class=\"elementor-widget-container\">\n\t\t\t\t\t\t\t\t\t\t\t\t\t\t\t<img fetchpriority=\"high\" decoding=\"async\" width=\"300\" height=\"300\" src=\"https:\/\/karak-distribution.com\/wp-content\/uploads\/2020\/02\/netpune-300x300.jpg\" class=\"attachment-medium size-medium wp-image-4507\" alt=\"\" srcset=\"https:\/\/karak-distribution.com\/wp-content\/uploads\/2020\/02\/netpune-300x300.jpg 300w, https:\/\/karak-distribution.com\/wp-content\/uploads\/2020\/02\/netpune-150x150.jpg 150w, https:\/\/karak-distribution.com\/wp-content\/uploads\/2020\/02\/netpune.jpg 450w\" sizes=\"(max-width: 300px) 100vw, 300px\" \/>\t\t\t\t\t\t\t\t\t\t\t\t\t\t\t<\/div>\n\t\t\t\t<\/div>\n\t\t\t\t<div class=\"elementor-element elementor-element-e2fee92 elementor-widget elementor-widget-heading\" data-id=\"e2fee92\" data-element_type=\"widget\" data-widget_type=\"heading.default\">\n\t\t\t\t<div class=\"elementor-widget-container\">\n\t\t\t\t\t<h3 class=\"elementor-heading-title elementor-size-default\">Neptune<\/h3>\t\t\t\t<\/div>\n\t\t\t\t<\/div>\n\t\t\t\t\t<\/div>\n\t\t<\/div>\n\t\t\t\t<div class=\"elementor-column elementor-col-33 elementor-top-column elementor-element elementor-element-24d1039\" data-id=\"24d1039\" data-element_type=\"column\">\n\t\t\t<div class=\"elementor-widget-wrap elementor-element-populated\">\n\t\t\t\t\t\t<div class=\"elementor-element elementor-element-cbac4ba elementor-widget elementor-widget-image\" data-id=\"cbac4ba\" data-element_type=\"widget\" data-widget_type=\"image.default\">\n\t\t\t\t<div class=\"elementor-widget-container\">\n\t\t\t\t\t\t\t\t\t\t\t\t\t\t\t<img decoding=\"async\" width=\"300\" height=\"300\" src=\"https:\/\/karak-distribution.com\/wp-content\/uploads\/2020\/01\/eaux-4-300x300.jpg\" class=\"attachment-medium size-medium wp-image-4264\" alt=\"\" srcset=\"https:\/\/karak-distribution.com\/wp-content\/uploads\/2020\/01\/eaux-4-300x300.jpg 300w, https:\/\/karak-distribution.com\/wp-content\/uploads\/2020\/01\/eaux-4-150x150.jpg 150w, https:\/\/karak-distribution.com\/wp-content\/uploads\/2020\/01\/eaux-4.jpg 500w\" sizes=\"(max-width: 300px) 100vw, 300px\" \/>\t\t\t\t\t\t\t\t\t\t\t\t\t\t\t<\/div>\n\t\t\t\t<\/div>\n\t\t\t\t<div class=\"elementor-element elementor-element-a5a7df9 elementor-widget elementor-widget-heading\" data-id=\"a5a7df9\" data-element_type=\"widget\" data-widget_type=\"heading.default\">\n\t\t\t\t<div class=\"elementor-widget-container\">\n\t\t\t\t\t<h3 class=\"elementor-heading-title elementor-size-default\">Roxane<\/h3>\t\t\t\t<\/div>\n\t\t\t\t<\/div>\n\t\t\t\t\t<\/div>\n\t\t<\/div>\n\t\t\t\t<div class=\"elementor-column elementor-col-33 elementor-top-column elementor-element elementor-element-7c99632\" data-id=\"7c99632\" data-element_type=\"column\">\n\t\t\t<div class=\"elementor-widget-wrap elementor-element-populated\">\n\t\t\t\t\t\t<div class=\"elementor-element elementor-element-59216dd elementor-widget elementor-widget-image\" data-id=\"59216dd\" data-element_type=\"widget\" data-widget_type=\"image.default\">\n\t\t\t\t<div class=\"elementor-widget-container\">\n\t\t\t\t\t\t\t\t\t\t\t\t\t\t\t<img decoding=\"async\" width=\"300\" height=\"300\" src=\"https:\/\/karak-distribution.com\/wp-content\/uploads\/2020\/02\/perrier-300x300.jpg\" class=\"attachment-medium size-medium wp-image-4508\" alt=\"\" srcset=\"https:\/\/karak-distribution.com\/wp-content\/uploads\/2020\/02\/perrier-300x300.jpg 300w, https:\/\/karak-distribution.com\/wp-content\/uploads\/2020\/02\/perrier-150x150.jpg 150w, https:\/\/karak-distribution.com\/wp-content\/uploads\/2020\/02\/perrier.jpg 450w\" sizes=\"(max-width: 300px) 100vw, 300px\" \/>\t\t\t\t\t\t\t\t\t\t\t\t\t\t\t<\/div>\n\t\t\t\t<\/div>\n\t\t\t\t<div class=\"elementor-element elementor-element-fa55e55 elementor-widget elementor-widget-heading\" data-id=\"fa55e55\" data-element_type=\"widget\" data-widget_type=\"heading.default\">\n\t\t\t\t<div class=\"elementor-widget-container\">\n\t\t\t\t\t<h3 class=\"elementor-heading-title elementor-size-default\">Nestl\u00e9<\/h3>\t\t\t\t<\/div>\n\t\t\t\t<\/div>\n\t\t\t\t\t<\/div>\n\t\t<\/div>\n\t\t\t\t\t<\/div>\n\t\t<\/section>\n\t\t\t\t<section class=\"elementor-section elementor-top-section elementor-element elementor-element-3d2c820 elementor-section-stretched elementor-section-full_width elementor-section-height-default elementor-section-height-default\" data-id=\"3d2c820\" data-element_type=\"section\" data-settings=\"{&quot;stretch_section&quot;:&quot;section-stretched&quot;}\">\n\t\t\t\t\t\t<div class=\"elementor-container elementor-column-gap-default\">\n\t\t\t\t\t<div class=\"elementor-column elementor-col-100 elementor-top-column elementor-element elementor-element-1440fe5\" data-id=\"1440fe5\" data-element_type=\"column\">\n\t\t\t<div class=\"elementor-widget-wrap elementor-element-populated\">\n\t\t\t\t\t\t<div class=\"elementor-element elementor-element-e283139 elementor-widget elementor-widget-spacer\" data-id=\"e283139\" data-element_type=\"widget\" data-widget_type=\"spacer.default\">\n\t\t\t\t<div class=\"elementor-widget-container\">\n\t\t\t\t\t\t\t<div class=\"elementor-spacer\">\n\t\t\t<div class=\"elementor-spacer-inner\"><\/div>\n\t\t<\/div>\n\t\t\t\t\t\t<\/div>\n\t\t\t\t<\/div>\n\t\t\t\t\t<\/div>\n\t\t<\/div>\n\t\t\t\t\t<\/div>\n\t\t<\/section>\n\t\t\t\t<section class=\"elementor-section elementor-top-section elementor-element elementor-element-1d4c9a0 elementor-section-stretched elementor-section-boxed elementor-section-height-default elementor-section-height-default\" data-id=\"1d4c9a0\" data-element_type=\"section\" data-settings=\"{&quot;stretch_section&quot;:&quot;section-stretched&quot;}\">\n\t\t\t\t\t\t<div class=\"elementor-container elementor-column-gap-default\">\n\t\t\t\t\t<div class=\"elementor-column elementor-col-33 elementor-top-column elementor-element elementor-element-7317f82\" data-id=\"7317f82\" data-element_type=\"column\">\n\t\t\t<div class=\"elementor-widget-wrap elementor-element-populated\">\n\t\t\t\t\t\t<div class=\"elementor-element elementor-element-cf41714 elementor-widget elementor-widget-image\" data-id=\"cf41714\" data-element_type=\"widget\" data-widget_type=\"image.default\">\n\t\t\t\t<div class=\"elementor-widget-container\">\n\t\t\t\t\t\t\t\t\t\t\t\t\t\t\t<img loading=\"lazy\" decoding=\"async\" width=\"300\" height=\"300\" src=\"https:\/\/karak-distribution.com\/wp-content\/uploads\/2020\/01\/eaux-5-300x300.jpg\" class=\"attachment-medium size-medium wp-image-4265\" alt=\"\" srcset=\"https:\/\/karak-distribution.com\/wp-content\/uploads\/2020\/01\/eaux-5-300x300.jpg 300w, https:\/\/karak-distribution.com\/wp-content\/uploads\/2020\/01\/eaux-5-150x150.jpg 150w, https:\/\/karak-distribution.com\/wp-content\/uploads\/2020\/01\/eaux-5.jpg 500w\" sizes=\"(max-width: 300px) 100vw, 300px\" \/>\t\t\t\t\t\t\t\t\t\t\t\t\t\t\t<\/div>\n\t\t\t\t<\/div>\n\t\t\t\t<div class=\"elementor-element elementor-element-53fc4f5 elementor-widget elementor-widget-heading\" data-id=\"53fc4f5\" data-element_type=\"widget\" data-widget_type=\"heading.default\">\n\t\t\t\t<div class=\"elementor-widget-container\">\n\t\t\t\t\t<h3 class=\"elementor-heading-title elementor-size-default\">Planco\u00ebt<\/h3>\t\t\t\t<\/div>\n\t\t\t\t<\/div>\n\t\t\t\t\t<\/div>\n\t\t<\/div>\n\t\t\t\t<div class=\"elementor-column elementor-col-33 elementor-top-column elementor-element elementor-element-d9771ec\" data-id=\"d9771ec\" data-element_type=\"column\">\n\t\t\t<div class=\"elementor-widget-wrap elementor-element-populated\">\n\t\t\t\t\t\t<div class=\"elementor-element elementor-element-fc9743d elementor-widget elementor-widget-image\" data-id=\"fc9743d\" data-element_type=\"widget\" data-widget_type=\"image.default\">\n\t\t\t\t<div class=\"elementor-widget-container\">\n\t\t\t\t\t\t\t\t\t\t\t\t\t\t\t<img loading=\"lazy\" decoding=\"async\" width=\"300\" height=\"300\" src=\"https:\/\/karak-distribution.com\/wp-content\/uploads\/2020\/02\/badoit-300x300.jpg\" class=\"attachment-medium size-medium wp-image-4509\" alt=\"\" srcset=\"https:\/\/karak-distribution.com\/wp-content\/uploads\/2020\/02\/badoit-300x300.jpg 300w, https:\/\/karak-distribution.com\/wp-content\/uploads\/2020\/02\/badoit-150x150.jpg 150w, https:\/\/karak-distribution.com\/wp-content\/uploads\/2020\/02\/badoit.jpg 450w\" sizes=\"(max-width: 300px) 100vw, 300px\" \/>\t\t\t\t\t\t\t\t\t\t\t\t\t\t\t<\/div>\n\t\t\t\t<\/div>\n\t\t\t\t<div class=\"elementor-element elementor-element-8708be7 elementor-widget elementor-widget-heading\" data-id=\"8708be7\" data-element_type=\"widget\" data-widget_type=\"heading.default\">\n\t\t\t\t<div class=\"elementor-widget-container\">\n\t\t\t\t\t<h3 class=\"elementor-heading-title elementor-size-default\">Danone<\/h3>\t\t\t\t<\/div>\n\t\t\t\t<\/div>\n\t\t\t\t\t<\/div>\n\t\t<\/div>\n\t\t\t\t<div class=\"elementor-column elementor-col-33 elementor-top-column elementor-element elementor-element-9617bd6\" data-id=\"9617bd6\" data-element_type=\"column\">\n\t\t\t<div class=\"elementor-widget-wrap elementor-element-populated\">\n\t\t\t\t\t\t<div class=\"elementor-element elementor-element-8e0720c elementor-widget elementor-widget-image\" data-id=\"8e0720c\" data-element_type=\"widget\" data-widget_type=\"image.default\">\n\t\t\t\t<div class=\"elementor-widget-container\">\n\t\t\t\t\t\t\t\t\t\t\t\t\t\t\t<img loading=\"lazy\" decoding=\"async\" width=\"300\" height=\"300\" src=\"https:\/\/karak-distribution.com\/wp-content\/uploads\/2023\/08\/Eira-karak-2-1-300x300.jpg\" class=\"attachment-medium size-medium wp-image-4838\" alt=\"\" srcset=\"https:\/\/karak-distribution.com\/wp-content\/uploads\/2023\/08\/Eira-karak-2-1-300x300.jpg 300w, https:\/\/karak-distribution.com\/wp-content\/uploads\/2023\/08\/Eira-karak-2-1-150x150.jpg 150w, https:\/\/karak-distribution.com\/wp-content\/uploads\/2023\/08\/Eira-karak-2-1.jpg 600w\" sizes=\"(max-width: 300px) 100vw, 300px\" \/>\t\t\t\t\t\t\t\t\t\t\t\t\t\t\t<\/div>\n\t\t\t\t<\/div>\n\t\t\t\t<div class=\"elementor-element elementor-element-13bc898 elementor-widget elementor-widget-heading\" data-id=\"13bc898\" data-element_type=\"widget\" data-widget_type=\"heading.default\">\n\t\t\t\t<div class=\"elementor-widget-container\">\n\t\t\t\t\t<h3 class=\"elementor-heading-title elementor-size-default\"><a href=\"https:\/\/eirawater.com\/\">Eira*<\/a><\/h3>\t\t\t\t<\/div>\n\t\t\t\t<\/div>\n\t\t\t\t\t<\/div>\n\t\t<\/div>\n\t\t\t\t\t<\/div>\n\t\t<\/section>\n\t\t\t\t<section class=\"elementor-section elementor-top-section elementor-element elementor-element-66c3df9 elementor-section-stretched elementor-section-full_width elementor-section-height-default elementor-section-height-default\" data-id=\"66c3df9\" data-element_type=\"section\" data-settings=\"{&quot;stretch_section&quot;:&quot;section-stretched&quot;}\">\n\t\t\t\t\t\t<div class=\"elementor-container elementor-column-gap-default\">\n\t\t\t\t\t<div class=\"elementor-column elementor-col-100 elementor-top-column elementor-element elementor-element-b820645\" data-id=\"b820645\" data-element_type=\"column\">\n\t\t\t<div class=\"elementor-widget-wrap elementor-element-populated\">\n\t\t\t\t\t\t<div class=\"elementor-element elementor-element-5d76bd0 elementor-widget__width-auto elementor-widget elementor-widget-text-editor\" data-id=\"5d76bd0\" data-element_type=\"widget\" data-widget_type=\"text-editor.default\">\n\t\t\t\t<div class=\"elementor-widget-container\">\n\t\t\t\t\t\t\t\t\t<p><span style=\"color: #ffffff;\">Eira Water* : L\u2019une des eaux les plus pures du monde venant de la partie occidentale de la Norv\u00e8ge &#8211; vous pouvez \u00e9galement consulter notre page Web au cas o\u00f9 nous pourrions y ajouter une petite histoire. <\/span><br \/><span style=\"color: #ffffff;\">L\u2019eau officielle du Guide Michelin dans 15 pays.<\/span><\/p>\t\t\t\t\t\t\t\t<\/div>\n\t\t\t\t<\/div>\n\t\t\t\t<div class=\"elementor-element elementor-element-43ac693 elementor-widget__width-inherit elementor-widget-divider--view-line elementor-widget elementor-widget-divider\" data-id=\"43ac693\" data-element_type=\"widget\" data-widget_type=\"divider.default\">\n\t\t\t\t<div class=\"elementor-widget-container\">\n\t\t\t\t\t\t\t<div class=\"elementor-divider\">\n\t\t\t<span class=\"elementor-divider-separator\">\n\t\t\t\t\t\t<\/span>\n\t\t<\/div>\n\t\t\t\t\t\t<\/div>\n\t\t\t\t<\/div>\n\t\t\t\t\t<\/div>\n\t\t<\/div>\n\t\t\t\t\t<\/div>\n\t\t<\/section>\n\t\t\t\t<section class=\"elementor-section elementor-top-section elementor-element elementor-element-7b402f3 elementor-section-stretched elementor-section-boxed elementor-section-height-default elementor-section-height-default\" data-id=\"7b402f3\" data-element_type=\"section\" data-settings=\"{&quot;stretch_section&quot;:&quot;section-stretched&quot;}\">\n\t\t\t\t\t\t<div class=\"elementor-container elementor-column-gap-wider\">\n\t\t\t\t\t<div class=\"elementor-column elementor-col-66 elementor-top-column elementor-element elementor-element-a4f3e45\" data-id=\"a4f3e45\" data-element_type=\"column\">\n\t\t\t<div class=\"elementor-widget-wrap elementor-element-populated\">\n\t\t\t\t\t\t<div class=\"elementor-element elementor-element-d4308a1 elementor-widget elementor-widget-google_maps\" data-id=\"d4308a1\" data-element_type=\"widget\" data-widget_type=\"google_maps.default\">\n\t\t\t\t<div class=\"elementor-widget-container\">\n\t\t\t\t\t\t\t<div class=\"elementor-custom-embed\">\n\t\t\t<iframe loading=\"lazy\"\n\t\t\t\t\tsrc=\"https:\/\/maps.google.com\/maps?q=16%20Rue%20H%C3%A9l%C3%A8ne%20boucher%2093%20350%20Le%20Bourget&#038;t=m&#038;z=8&#038;output=embed&#038;iwloc=near\"\n\t\t\t\t\ttitle=\"16 Rue H\u00e9l\u00e8ne boucher 93 350 Le Bourget\"\n\t\t\t\t\taria-label=\"16 Rue H\u00e9l\u00e8ne boucher 93 350 Le Bourget\"\n\t\t\t><\/iframe>\n\t\t<\/div>\n\t\t\t\t\t\t<\/div>\n\t\t\t\t<\/div>\n\t\t\t\t\t<\/div>\n\t\t<\/div>\n\t\t\t\t<div class=\"elementor-column elementor-col-33 elementor-top-column elementor-element elementor-element-76d78c0\" data-id=\"76d78c0\" data-element_type=\"column\">\n\t\t\t<div class=\"elementor-widget-wrap elementor-element-populated\">\n\t\t\t\t\t\t<div class=\"elementor-element elementor-element-32aa4f2 elementor-widget elementor-widget-text-editor\" data-id=\"32aa4f2\" data-element_type=\"widget\" data-widget_type=\"text-editor.default\">\n\t\t\t\t<div class=\"elementor-widget-container\">\n\t\t\t\t\t\t\t\t\t<h3 style=\"text-align: center;\"><strong>HORAIRES SI\u00c8GE<\/strong><\/h3>\t\t\t\t\t\t\t\t<\/div>\n\t\t\t\t<\/div>\n\t\t\t\t<div class=\"elementor-element elementor-element-c0f96d0 elementor-widget-divider--view-line elementor-widget elementor-widget-divider\" data-id=\"c0f96d0\" data-element_type=\"widget\" data-widget_type=\"divider.default\">\n\t\t\t\t<div class=\"elementor-widget-container\">\n\t\t\t\t\t\t\t<div class=\"elementor-divider\">\n\t\t\t<span class=\"elementor-divider-separator\">\n\t\t\t\t\t\t<\/span>\n\t\t<\/div>\n\t\t\t\t\t\t<\/div>\n\t\t\t\t<\/div>\n\t\t\t\t<div class=\"elementor-element elementor-element-9bfb6ed elementor-widget elementor-widget-text-editor\" data-id=\"9bfb6ed\" data-element_type=\"widget\" data-widget_type=\"text-editor.default\">\n\t\t\t\t<div class=\"elementor-widget-container\">\n\t\t\t\t\t\t\t\t\t<h5 style=\"text-align: center;\">LUNDI \u2013 VENDREDI<\/h5><h5>\u00a0<\/h5><h5 style=\"text-align: center;\">Non renseign\u00e9<\/h5>\t\t\t\t\t\t\t\t<\/div>\n\t\t\t\t<\/div>\n\t\t\t\t<div class=\"elementor-element elementor-element-c4a5a53 elementor-widget-divider--view-line elementor-widget elementor-widget-divider\" data-id=\"c4a5a53\" data-element_type=\"widget\" data-widget_type=\"divider.default\">\n\t\t\t\t<div class=\"elementor-widget-container\">\n\t\t\t\t\t\t\t<div class=\"elementor-divider\">\n\t\t\t<span class=\"elementor-divider-separator\">\n\t\t\t\t\t\t<\/span>\n\t\t<\/div>\n\t\t\t\t\t\t<\/div>\n\t\t\t\t<\/div>\n\t\t\t\t<div class=\"elementor-element elementor-element-2dda32e elementor-widget elementor-widget-text-editor\" data-id=\"2dda32e\" data-element_type=\"widget\" data-widget_type=\"text-editor.default\">\n\t\t\t\t<div class=\"elementor-widget-container\">\n\t\t\t\t\t\t\t\t\t<h3 style=\"text-align: center;\"><span style=\"color: #ffffff;\"><strong>01 48 40 83 89<\/strong><\/span><\/h3>\t\t\t\t\t\t\t\t<\/div>\n\t\t\t\t<\/div>\n\t\t\t\t<div class=\"elementor-element elementor-element-42a6a35 elementor-widget elementor-widget-spacer\" data-id=\"42a6a35\" data-element_type=\"widget\" data-widget_type=\"spacer.default\">\n\t\t\t\t<div class=\"elementor-widget-container\">\n\t\t\t\t\t\t\t<div class=\"elementor-spacer\">\n\t\t\t<div class=\"elementor-spacer-inner\"><\/div>\n\t\t<\/div>\n\t\t\t\t\t\t<\/div>\n\t\t\t\t<\/div>\n\t\t\t\t<div class=\"elementor-element elementor-element-8b0963c elementor-align-center elementor-widget elementor-widget-button\" data-id=\"8b0963c\" data-element_type=\"widget\" data-widget_type=\"button.default\">\n\t\t\t\t<div class=\"elementor-widget-container\">\n\t\t\t\t\t\t\t\t\t<div class=\"elementor-button-wrapper\">\n\t\t\t\t\t<a class=\"elementor-button elementor-button-link elementor-size-md\" href=\"https:\/\/karak-distribution.com\/index.php\/contact\/\">\n\t\t\t\t\t\t<span class=\"elementor-button-content-wrapper\">\n\t\t\t\t\t\t\t\t\t<span class=\"elementor-button-text\">CONTACTEZ-NOUS<\/span>\n\t\t\t\t\t<\/span>\n\t\t\t\t\t<\/a>\n\t\t\t\t<\/div>\n\t\t\t\t\t\t\t\t<\/div>\n\t\t\t\t<\/div>\n\t\t\t\t\t<\/div>\n\t\t<\/div>\n\t\t\t\t\t<\/div>\n\t\t<\/section>\n\t\t\t\t<\/div>\n\t\t","protected":false},"excerpt":{"rendered":"<p>EAUX Neptune Roxane Nestl\u00e9 Planco\u00ebt Danone Eira* Eira Water* : L\u2019une des eaux les plus pures du monde venant de la partie occidentale de la Norv\u00e8ge &#8211; vous pouvez \u00e9galement consulter notre page Web au cas o\u00f9 nous pourrions y ajouter une petite histoire. L\u2019eau officielle du Guide Michelin dans 15 pays. HORAIRES SI\u00c8GE LUNDI \u2013 VENDREDI \u00a0 Non renseign\u00e9 01 48 40 83 89 CONTACTEZ-NOUS<\/p>\n","protected":false},"author":1,"featured_media":0,"parent":3613,"menu_order":0,"comment_status":"closed","ping_status":"closed","template":"","meta":{"footnotes":""},"class_list":["post-4205","page","type-page","status-publish","hentry"],"_links":{"self":[{"href":"https:\/\/karak-distribution.com\/index.php\/wp-json\/wp\/v2\/pages\/4205","targetHints":{"allow":["GET"]}}],"collection":[{"href":"https:\/\/karak-distribution.com\/index.php\/wp-json\/wp\/v2\/pages"}],"about":[{"href":"https:\/\/karak-distribution.com\/index.php\/wp-json\/wp\/v2\/types\/page"}],"author":[{"embeddable":true,"href":"https:\/\/karak-distribution.com\/index.php\/wp-json\/wp\/v2\/users\/1"}],"replies":[{"embeddable":true,"href":"https:\/\/karak-distribution.com\/index.php\/wp-json\/wp\/v2\/comments?post=4205"}],"version-history":[{"count":71,"href":"https:\/\/karak-distribution.com\/index.php\/wp-json\/wp\/v2\/pages\/4205\/revisions"}],"predecessor-version":[{"id":4862,"href":"https:\/\/karak-distribution.com\/index.php\/wp-json\/wp\/v2\/pages\/4205\/revisions\/4862"}],"up":[{"embeddable":true,"href":"https:\/\/karak-distribution.com\/index.php\/wp-json\/wp\/v2\/pages\/3613"}],"wp:attachment":[{"href":"https:\/\/karak-distribution.com\/index.php\/wp-json\/wp\/v2\/media?parent=4205"}],"curies":[{"name":"wp","href":"https:\/\/api.w.org\/{rel}","templated":true}]}}